{"id":739,"date":"2021-03-09T23:34:22","date_gmt":"2021-03-09T20:34:22","guid":{"rendered":"http:\/\/firepumps.net\/o-nas\/"},"modified":"2023-01-12T15:18:07","modified_gmt":"2023-01-12T12:18:07","slug":"o-nas","status":"publish","type":"page","link":"https:\/\/firepumps.net\/pl\/o-nas\/","title":{"rendered":"O nas"},"content":{"rendered":"\t\t<div data-elementor-type=\"wp-page\" data-elementor-id=\"739\" class=\"elementor elementor-739 elementor-16\">\n\t\t\t\t\t\t\t\t\t<section class=\"elementor-section elementor-top-section elementor-element elementor-element-11f1c3ce elementor-section-stretched elementor-section-boxed elementor-section-height-default elementor-section-height-default\" data-id=\"11f1c3ce\" data-element_type=\"section\" data-settings=\"{&quot;stretch_section&quot;:&quot;section-stretched&quot;}\">\n\t\t\t\t\t\t<div class=\"elementor-container elementor-column-gap-default\">\n\t\t\t\t\t<div class=\"elementor-column elementor-col-100 elementor-top-column elementor-element elementor-element-79b3a10c\" data-id=\"79b3a10c\" data-element_type=\"column\">\n\t\t\t<div class=\"elementor-widget-wrap elementor-element-populated\">\n\t\t\t\t\t\t\t\t<div class=\"elementor-element elementor-element-b8a2e57 elementor-widget elementor-widget-image\" data-id=\"b8a2e57\" data-element_type=\"widget\" data-widget_type=\"image.default\">\n\t\t\t\t<div class=\"elementor-widget-container\">\n\t\t\t\t\t\t\t\t\t\t\t\t\t\t\t<img loading=\"lazy\" decoding=\"async\" width=\"1024\" height=\"256\" src=\"https:\/\/firepumps.net\/wp-content\/uploads\/2021\/03\/1565761785744871-1024x256.jpg\" class=\"attachment-large size-large wp-image-160\" alt=\"\" srcset=\"https:\/\/firepumps.net\/wp-content\/uploads\/2021\/03\/1565761785744871-1024x256.jpg 1024w, https:\/\/firepumps.net\/wp-content\/uploads\/2021\/03\/1565761785744871-600x150.jpg 600w, https:\/\/firepumps.net\/wp-content\/uploads\/2021\/03\/1565761785744871-300x75.jpg 300w, https:\/\/firepumps.net\/wp-content\/uploads\/2021\/03\/1565761785744871-768x192.jpg 768w, https:\/\/firepumps.net\/wp-content\/uploads\/2021\/03\/1565761785744871-1536x384.jpg 1536w, https:\/\/firepumps.net\/wp-content\/uploads\/2021\/03\/1565761785744871.jpg 1920w\" sizes=\"auto, (max-width: 1024px) 100vw, 1024px\" \/>\t\t\t\t\t\t\t\t\t\t\t\t\t\t\t<\/div>\n\t\t\t\t<\/div>\n\t\t\t\t\t<\/div>\n\t\t<\/div>\n\t\t\t\t\t\t\t<\/div>\n\t\t<\/section>\n\t\t\t\t<section class=\"elementor-section elementor-top-section elementor-element elementor-element-4423c255 elementor-section-stretched elementor-section-boxed elementor-section-height-default elementor-section-height-default\" data-id=\"4423c255\" data-element_type=\"section\" data-settings=\"{&quot;stretch_section&quot;:&quot;section-stretched&quot;}\">\n\t\t\t\t\t\t<div class=\"elementor-container elementor-column-gap-default\">\n\t\t\t\t\t<div class=\"elementor-column elementor-col-100 elementor-top-column elementor-element elementor-element-1864a6ed\" data-id=\"1864a6ed\" data-element_type=\"column\">\n\t\t\t<div class=\"elementor-widget-wrap elementor-element-populated\">\n\t\t\t\t\t\t\t\t<div class=\"elementor-element elementor-element-4ae6b562 elementor-widget-divider--view-line elementor-widget elementor-widget-divider\" data-id=\"4ae6b562\" data-element_type=\"widget\" data-widget_type=\"divider.default\">\n\t\t\t\t<div class=\"elementor-widget-container\">\n\t\t\t\t\t<div class=\"elementor-divider\">\n\t\t\t<span class=\"elementor-divider-separator\">\n\t\t\t\t\t\t<\/span>\n\t\t<\/div>\n\t\t\t\t<\/div>\n\t\t\t\t<\/div>\n\t\t\t\t<div class=\"elementor-element elementor-element-445d8663 elementor-widget elementor-widget-heading\" data-id=\"445d8663\" data-element_type=\"widget\" data-widget_type=\"heading.default\">\n\t\t\t\t<div class=\"elementor-widget-container\">\n\t\t\t<h2 class=\"elementor-heading-title elementor-size-default\">O nas<\/h2>\t\t<\/div>\n\t\t\t\t<\/div>\n\t\t\t\t<div class=\"elementor-element elementor-element-5324cbc8 elementor-widget elementor-widget-text-editor\" data-id=\"5324cbc8\" data-element_type=\"widget\" data-widget_type=\"text-editor.default\">\n\t\t\t\t<div class=\"elementor-widget-container\">\n\t\t\t\t\t\t\t<h2>CNP NM System przeciwpo\u017carowy Co., Ltd<\/h2>\n<p>CNP NM Fire-fighting System Co., Ltd jest wiod\u0105cym producentem pomp przeciwpo\u017carowych, silnik\u00f3w wysokopr\u0119\u017cnych, sterownik\u00f3w, zestaw\u00f3w pomp przeciwpo\u017carowych nap\u0119dzanych silnikiem Diesla, zestaw\u00f3w pomp przeciwpo\u017carowych nap\u0119dzanych silnikiem elektrycznym, system\u00f3w pakiet\u00f3w pomp przeciwpo\u017carowych i kontenerowych system\u00f3w pomp przeciwpo\u017carowych zgodnie z normy krajowe i mi\u0119dzynarodowe. Jeste\u015bmy cz\u0142onkiem National Fire Protection Association (NFPA) oraz European Fire Sprinkler Network (EFSN). Zesp\u00f3\u0142 techniczny sk\u0142ada si\u0119 z wielu in\u017cynier\u00f3w i zagranicznych ekspert\u00f3w, kt\u00f3rzy maj\u0105 ponad 20-letnie do\u015bwiadczenie w badaniach i rozwoju \u015bwiatowego sprz\u0119tu przeciwpo\u017carowego. Mo\u017cemy zaoferowa\u0107 Pa\u0144stwu szerok\u0105 gam\u0119 pomp po\u017carniczych i silnik\u00f3w wysokopr\u0119\u017cnych, kt\u00f3re uzyska\u0142y certyfikaty UL, FM (Ameryka), APSAD (Francja), SETSCO (Singapur), spe\u0142niaj\u0105ce wszystkie wymagania w zakresie ochrony przeciwpo\u017carowej.<\/p>\n<p>NMFIRE jest pierwszym cz\u0142onkiem NFPA (National Fire Protection Association) w chi\u0144skim przemy\u015ble pompowym, a tak\u017ce jedyn\u0105 chi\u0144sk\u0105 firm\u0105 w\u015br\u00f3d cz\u0142onk\u00f3w EFSN (European Fire Sprinkler Network). Jeste\u015bmy pierwsz\u0105 firm\u0105 w Chinach, kt\u00f3ra otrzyma\u0142a zar\u00f3wno certyfikaty UL, jak i FM, oraz jedyn\u0105 firm\u0105 na \u015bwiecie, kt\u00f3ra produkuje pompy po\u017carnicze z certyfikatem UL\/FM i silniki wysokopr\u0119\u017cne UL\/FM. Nasza firma odegra\u0142a kluczow\u0105 rol\u0119 w rewizji chi\u0144skich standard\u00f3w bran\u017cowych dla pomp przeciwpo\u017carowych. Nasza technologia i asortyment produkt\u00f3w s\u0105 wiod\u0105ce w bran\u017cy zar\u00f3wno na rynku krajowym, jak i \u015bwiatowym.<\/p>\n<p>Nasz\u0105 misj\u0105 jest wytwarzanie produkt\u00f3w o najwy\u017cszym standardzie z zaawansowan\u0105 technologi\u0105, aby \u201echroni\u0107 \u017cycie, mi\u0142o\u015b\u0107 i histori\u0119\u201d dla wielkiego \u015bwiata.<\/p>\n\t\t\t\t\t\t<\/div>\n\t\t\t\t<\/div>\n\t\t\t\t<div class=\"elementor-element elementor-element-a0cac26 elementor-widget elementor-widget-image\" data-id=\"a0cac26\" data-element_type=\"widget\" data-widget_type=\"image.default\">\n\t\t\t\t<div class=\"elementor-widget-container\">\n\t\t\t\t\t\t\t\t\t\t\t\t\t\t\t<img loading=\"lazy\" decoding=\"async\" width=\"1024\" height=\"460\" src=\"https:\/\/firepumps.net\/wp-content\/uploads\/2021\/03\/1566368342849803-1024x460.jpg\" class=\"attachment-large size-large wp-image-161\" alt=\"\" srcset=\"https:\/\/firepumps.net\/wp-content\/uploads\/2021\/03\/1566368342849803-1024x460.jpg 1024w, https:\/\/firepumps.net\/wp-content\/uploads\/2021\/03\/1566368342849803-600x269.jpg 600w, https:\/\/firepumps.net\/wp-content\/uploads\/2021\/03\/1566368342849803-300x135.jpg 300w, https:\/\/firepumps.net\/wp-content\/uploads\/2021\/03\/1566368342849803-768x345.jpg 768w, https:\/\/firepumps.net\/wp-content\/uploads\/2021\/03\/1566368342849803-1536x689.jpg 1536w, https:\/\/firepumps.net\/wp-content\/uploads\/2021\/03\/1566368342849803.jpg 1600w\" sizes=\"auto, (max-width: 1024px) 100vw, 1024px\" \/>\t\t\t\t\t\t\t\t\t\t\t\t\t\t\t<\/div>\n\t\t\t\t<\/div>\n\t\t\t\t<div class=\"elementor-element elementor-element-f2ef8b1 elementor-widget elementor-widget-image\" data-id=\"f2ef8b1\" data-element_type=\"widget\" data-widget_type=\"image.default\">\n\t\t\t\t<div class=\"elementor-widget-container\">\n\t\t\t\t\t\t\t\t\t\t\t\t\t\t\t<img loading=\"lazy\" decoding=\"async\" width=\"1024\" height=\"259\" src=\"https:\/\/firepumps.net\/wp-content\/uploads\/2021\/03\/1594364688626826-1024x259.jpg\" class=\"attachment-large size-large wp-image-162\" alt=\"\" srcset=\"https:\/\/firepumps.net\/wp-content\/uploads\/2021\/03\/1594364688626826-1024x259.jpg 1024w, https:\/\/firepumps.net\/wp-content\/uploads\/2021\/03\/1594364688626826-600x152.jpg 600w, https:\/\/firepumps.net\/wp-content\/uploads\/2021\/03\/1594364688626826-300x76.jpg 300w, https:\/\/firepumps.net\/wp-content\/uploads\/2021\/03\/1594364688626826-768x194.jpg 768w, https:\/\/firepumps.net\/wp-content\/uploads\/2021\/03\/1594364688626826-1536x388.jpg 1536w, https:\/\/firepumps.net\/wp-content\/uploads\/2021\/03\/1594364688626826.jpg 2000w\" sizes=\"auto, (max-width: 1024px) 100vw, 1024px\" \/>\t\t\t\t\t\t\t\t\t\t\t\t\t\t\t<\/div>\n\t\t\t\t<\/div>\n\t\t\t\t<div class=\"elementor-element elementor-element-5c8aec0 elementor-widget elementor-widget-image\" data-id=\"5c8aec0\" data-element_type=\"widget\" data-widget_type=\"image.default\">\n\t\t\t\t<div class=\"elementor-widget-container\">\n\t\t\t\t\t\t\t\t\t\t\t\t\t\t\t<img loading=\"lazy\" decoding=\"async\" width=\"1024\" height=\"643\" src=\"https:\/\/firepumps.net\/wp-content\/uploads\/2021\/03\/1598936741970748-1024x643.jpg\" class=\"attachment-large size-large wp-image-163\" alt=\"\" srcset=\"https:\/\/firepumps.net\/wp-content\/uploads\/2021\/03\/1598936741970748-1024x643.jpg 1024w, https:\/\/firepumps.net\/wp-content\/uploads\/2021\/03\/1598936741970748-600x377.jpg 600w, https:\/\/firepumps.net\/wp-content\/uploads\/2021\/03\/1598936741970748-300x188.jpg 300w, https:\/\/firepumps.net\/wp-content\/uploads\/2021\/03\/1598936741970748-768x482.jpg 768w, https:\/\/firepumps.net\/wp-content\/uploads\/2021\/03\/1598936741970748.jpg 1200w\" sizes=\"auto, (max-width: 1024px) 100vw, 1024px\" \/>\t\t\t\t\t\t\t\t\t\t\t\t\t\t\t<\/div>\n\t\t\t\t<\/div>\n\t\t\t\t\t<\/div>\n\t\t<\/div>\n\t\t\t\t\t\t\t<\/div>\n\t\t<\/section>\n\t\t\t\t\t\t\t<\/div>\n\t\t","protected":false},"excerpt":{"rendered":"<p>O nas CNP NM System przeciwpo?arowy Co., Ltd CNP NM Fire-fighting System Co., Ltd jest wiod?cym producentem pomp przeciwpo?arowych, silnik?w wysokopr??nych, sterownik?w, zestaw?w pomp przeciwpo?arowych nap?dzanych silnikiem Diesla, zestaw?w pomp przeciwpo?arowych nap?dzanych silnikiem elektrycznym, system?w pakiet?w pomp przeciwpo?arowych i kontenerowych system?w pomp przeciwpo?arowych zgodnie z normy krajowe i mi?dzynarodowe. Jeste?my cz?onkiem National Fire Protection Association [&hellip;]<\/p>\n","protected":false},"author":1,"featured_media":0,"parent":0,"menu_order":0,"comment_status":"closed","ping_status":"closed","template":"","meta":{"footnotes":""},"class_list":["post-739","page","type-page","status-publish","hentry","entry","owp-thumbs-layout-horizontal","owp-btn-normal","owp-tabs-layout-horizontal","has-no-thumbnails","has-product-nav"],"yoast_head":"<!-- This site is optimized with the Yoast SEO Premium plugin v19.7 (Yoast SEO v19.14) - https:\/\/yoast.com\/wordpress\/plugins\/seo\/ -->\n<title>O nas | firepumps.net<\/title>\n<meta name=\"robots\" content=\"index, follow, max-snippet:-1, max-image-preview:large, max-video-preview:-1\" \/>\n<link rel=\"canonical\" href=\"https:\/\/firepumps.net\/pl\/o-nas\/\" \/>\n<meta property=\"og:locale\" content=\"pl_PL\" \/>\n<meta property=\"og:type\" content=\"article\" \/>\n<meta property=\"og:title\" content=\"O nas\" \/>\n<meta property=\"og:description\" content=\"O nas CNP NM System przeciwpo?arowy Co., Ltd CNP NM Fire-fighting System Co., Ltd jest wiod?cym producentem pomp przeciwpo?arowych, silnik?w wysokopr??nych, sterownik?w, zestaw?w pomp przeciwpo?arowych nap?dzanych silnikiem Diesla, zestaw?w pomp przeciwpo?arowych nap?dzanych silnikiem elektrycznym, system?w pakiet?w pomp przeciwpo?arowych i kontenerowych system?w pomp przeciwpo?arowych zgodnie z normy krajowe i mi?dzynarodowe. Jeste?my cz?onkiem National Fire Protection Association [&hellip;]\" \/>\n<meta property=\"og:url\" content=\"https:\/\/firepumps.net\/pl\/o-nas\/\" \/>\n<meta property=\"og:site_name\" content=\"firepumps.net\" \/>\n<meta property=\"article:modified_time\" content=\"2023-01-12T12:18:07+00:00\" \/>\n<meta property=\"og:image\" content=\"http:\/\/firepumps.net\/wp-content\/uploads\/2021\/03\/1565761785744871-1024x256.jpg\" \/>\n<meta name=\"twitter:card\" content=\"summary_large_image\" \/>\n<meta name=\"twitter:label1\" content=\"Szacowany czas czytania\" \/>\n\t<meta name=\"twitter:data1\" content=\"2 minuty\" \/>\n<script type=\"application\/ld+json\" class=\"yoast-schema-graph\">{\"@context\":\"https:\/\/schema.org\",\"@graph\":[{\"@type\":\"WebPage\",\"@id\":\"https:\/\/firepumps.net\/pl\/o-nas\/\",\"url\":\"https:\/\/firepumps.net\/pl\/o-nas\/\",\"name\":\"O nas | firepumps.net\",\"isPartOf\":{\"@id\":\"https:\/\/firepumps.net\/#website\"},\"datePublished\":\"2021-03-09T20:34:22+00:00\",\"dateModified\":\"2023-01-12T12:18:07+00:00\",\"breadcrumb\":{\"@id\":\"https:\/\/firepumps.net\/pl\/o-nas\/#breadcrumb\"},\"inLanguage\":\"pl-PL\",\"potentialAction\":[{\"@type\":\"ReadAction\",\"target\":[\"https:\/\/firepumps.net\/pl\/o-nas\/\"]}]},{\"@type\":\"BreadcrumbList\",\"@id\":\"https:\/\/firepumps.net\/pl\/o-nas\/#breadcrumb\",\"itemListElement\":[{\"@type\":\"ListItem\",\"position\":1,\"name\":\"Home\",\"item\":\"https:\/\/firepumps.net\/pl\/\"},{\"@type\":\"ListItem\",\"position\":2,\"name\":\"O nas\"}]},{\"@type\":\"WebSite\",\"@id\":\"https:\/\/firepumps.net\/#website\",\"url\":\"https:\/\/firepumps.net\/\",\"name\":\"firepumps.net\",\"description\":\"\",\"publisher\":{\"@id\":\"https:\/\/firepumps.net\/#organization\"},\"potentialAction\":[{\"@type\":\"SearchAction\",\"target\":{\"@type\":\"EntryPoint\",\"urlTemplate\":\"https:\/\/firepumps.net\/?s={search_term_string}\"},\"query-input\":\"required name=search_term_string\"}],\"inLanguage\":\"pl-PL\"},{\"@type\":\"Organization\",\"@id\":\"https:\/\/firepumps.net\/#organization\",\"name\":\"firepumps.net\",\"url\":\"https:\/\/firepumps.net\/\",\"logo\":{\"@type\":\"ImageObject\",\"inLanguage\":\"pl-PL\",\"@id\":\"https:\/\/firepumps.net\/#\/schema\/logo\/image\/\",\"url\":\"https:\/\/firepumps.net\/wp-content\/uploads\/2021\/03\/logo.png\",\"contentUrl\":\"https:\/\/firepumps.net\/wp-content\/uploads\/2021\/03\/logo.png\",\"width\":156,\"height\":60,\"caption\":\"firepumps.net\"},\"image\":{\"@id\":\"https:\/\/firepumps.net\/#\/schema\/logo\/image\/\"}}]}<\/script>\n<!-- \/ Yoast SEO Premium plugin. -->","yoast_head_json":{"title":"O nas | firepumps.net","robots":{"index":"index","follow":"follow","max-snippet":"max-snippet:-1","max-image-preview":"max-image-preview:large","max-video-preview":"max-video-preview:-1"},"canonical":"https:\/\/firepumps.net\/pl\/o-nas\/","og_locale":"pl_PL","og_type":"article","og_title":"O nas","og_description":"O nas CNP NM System przeciwpo?arowy Co., Ltd CNP NM Fire-fighting System Co., Ltd jest wiod?cym producentem pomp przeciwpo?arowych, silnik?w wysokopr??nych, sterownik?w, zestaw?w pomp przeciwpo?arowych nap?dzanych silnikiem Diesla, zestaw?w pomp przeciwpo?arowych nap?dzanych silnikiem elektrycznym, system?w pakiet?w pomp przeciwpo?arowych i kontenerowych system?w pomp przeciwpo?arowych zgodnie z normy krajowe i mi?dzynarodowe. Jeste?my cz?onkiem National Fire Protection Association [&hellip;]","og_url":"https:\/\/firepumps.net\/pl\/o-nas\/","og_site_name":"firepumps.net","article_modified_time":"2023-01-12T12:18:07+00:00","og_image":[{"url":"http:\/\/firepumps.net\/wp-content\/uploads\/2021\/03\/1565761785744871-1024x256.jpg"}],"twitter_card":"summary_large_image","twitter_misc":{"Szacowany czas czytania":"2 minuty"},"schema":{"@context":"https:\/\/schema.org","@graph":[{"@type":"WebPage","@id":"https:\/\/firepumps.net\/pl\/o-nas\/","url":"https:\/\/firepumps.net\/pl\/o-nas\/","name":"O nas | firepumps.net","isPartOf":{"@id":"https:\/\/firepumps.net\/#website"},"datePublished":"2021-03-09T20:34:22+00:00","dateModified":"2023-01-12T12:18:07+00:00","breadcrumb":{"@id":"https:\/\/firepumps.net\/pl\/o-nas\/#breadcrumb"},"inLanguage":"pl-PL","potentialAction":[{"@type":"ReadAction","target":["https:\/\/firepumps.net\/pl\/o-nas\/"]}]},{"@type":"BreadcrumbList","@id":"https:\/\/firepumps.net\/pl\/o-nas\/#breadcrumb","itemListElement":[{"@type":"ListItem","position":1,"name":"Home","item":"https:\/\/firepumps.net\/pl\/"},{"@type":"ListItem","position":2,"name":"O nas"}]},{"@type":"WebSite","@id":"https:\/\/firepumps.net\/#website","url":"https:\/\/firepumps.net\/","name":"firepumps.net","description":"","publisher":{"@id":"https:\/\/firepumps.net\/#organization"},"potentialAction":[{"@type":"SearchAction","target":{"@type":"EntryPoint","urlTemplate":"https:\/\/firepumps.net\/?s={search_term_string}"},"query-input":"required name=search_term_string"}],"inLanguage":"pl-PL"},{"@type":"Organization","@id":"https:\/\/firepumps.net\/#organization","name":"firepumps.net","url":"https:\/\/firepumps.net\/","logo":{"@type":"ImageObject","inLanguage":"pl-PL","@id":"https:\/\/firepumps.net\/#\/schema\/logo\/image\/","url":"https:\/\/firepumps.net\/wp-content\/uploads\/2021\/03\/logo.png","contentUrl":"https:\/\/firepumps.net\/wp-content\/uploads\/2021\/03\/logo.png","width":156,"height":60,"caption":"firepumps.net"},"image":{"@id":"https:\/\/firepumps.net\/#\/schema\/logo\/image\/"}}]}},"_links":{"self":[{"href":"https:\/\/firepumps.net\/pl\/wp-json\/wp\/v2\/pages\/739","targetHints":{"allow":["GET"]}}],"collection":[{"href":"https:\/\/firepumps.net\/pl\/wp-json\/wp\/v2\/pages"}],"about":[{"href":"https:\/\/firepumps.net\/pl\/wp-json\/wp\/v2\/types\/page"}],"author":[{"embeddable":true,"href":"https:\/\/firepumps.net\/pl\/wp-json\/wp\/v2\/users\/1"}],"replies":[{"embeddable":true,"href":"https:\/\/firepumps.net\/pl\/wp-json\/wp\/v2\/comments?post=739"}],"version-history":[{"count":0,"href":"https:\/\/firepumps.net\/pl\/wp-json\/wp\/v2\/pages\/739\/revisions"}],"wp:attachment":[{"href":"https:\/\/firepumps.net\/pl\/wp-json\/wp\/v2\/media?parent=739"}],"curies":[{"name":"wp","href":"https:\/\/api.w.org\/{rel}","templated":true}]}}