{"id":755,"date":"2021-03-09T23:37:12","date_gmt":"2021-03-09T20:37:12","guid":{"rendered":"http:\/\/firepumps.net\/o-nas\/sciaganie\/"},"modified":"2023-01-12T15:31:29","modified_gmt":"2023-01-12T12:31:29","slug":"pobierac","status":"publish","type":"page","link":"https:\/\/firepumps.net\/pl\/o-nas\/pobierac\/","title":{"rendered":"Pobierac"},"content":{"rendered":"\t\t<div data-elementor-type=\"wp-page\" data-elementor-id=\"755\" class=\"elementor elementor-755 elementor-34\">\n\t\t\t\t\t\t\t\t\t<section class=\"elementor-section elementor-top-section elementor-element elementor-element-567ffa69 elementor-section-stretched elementor-section-boxed elementor-section-height-default elementor-section-height-default\" data-id=\"567ffa69\" data-element_type=\"section\" data-settings=\"{&quot;stretch_section&quot;:&quot;section-stretched&quot;}\">\n\t\t\t\t\t\t<div class=\"elementor-container elementor-column-gap-default\">\n\t\t\t\t\t<div class=\"elementor-column elementor-col-100 elementor-top-column elementor-element elementor-element-3e0721fc\" data-id=\"3e0721fc\" data-element_type=\"column\">\n\t\t\t<div class=\"elementor-widget-wrap elementor-element-populated\">\n\t\t\t\t\t\t\t\t<div class=\"elementor-element elementor-element-4d3f9f44 elementor-widget elementor-widget-image\" data-id=\"4d3f9f44\" data-element_type=\"widget\" data-widget_type=\"image.default\">\n\t\t\t\t<div class=\"elementor-widget-container\">\n\t\t\t\t\t\t\t\t\t\t\t\t\t\t\t<img loading=\"lazy\" decoding=\"async\" width=\"1024\" height=\"256\" src=\"https:\/\/firepumps.net\/wp-content\/uploads\/2021\/03\/1565761785744871-1024x256.jpg\" class=\"attachment-large size-large wp-image-160\" alt=\"\" srcset=\"https:\/\/firepumps.net\/wp-content\/uploads\/2021\/03\/1565761785744871-1024x256.jpg 1024w, https:\/\/firepumps.net\/wp-content\/uploads\/2021\/03\/1565761785744871-600x150.jpg 600w, https:\/\/firepumps.net\/wp-content\/uploads\/2021\/03\/1565761785744871-300x75.jpg 300w, https:\/\/firepumps.net\/wp-content\/uploads\/2021\/03\/1565761785744871-768x192.jpg 768w, https:\/\/firepumps.net\/wp-content\/uploads\/2021\/03\/1565761785744871-1536x384.jpg 1536w, https:\/\/firepumps.net\/wp-content\/uploads\/2021\/03\/1565761785744871.jpg 1920w\" sizes=\"auto, (max-width: 1024px) 100vw, 1024px\" \/>\t\t\t\t\t\t\t\t\t\t\t\t\t\t\t<\/div>\n\t\t\t\t<\/div>\n\t\t\t\t\t<\/div>\n\t\t<\/div>\n\t\t\t\t\t\t\t<\/div>\n\t\t<\/section>\n\t\t\t\t<section class=\"elementor-section elementor-top-section elementor-element elementor-element-3fc0d31b elementor-section-stretched elementor-section-boxed elementor-section-height-default elementor-section-height-default\" data-id=\"3fc0d31b\" data-element_type=\"section\" data-settings=\"{&quot;stretch_section&quot;:&quot;section-stretched&quot;}\">\n\t\t\t\t\t\t<div class=\"elementor-container elementor-column-gap-default\">\n\t\t\t\t\t<div class=\"elementor-column elementor-col-100 elementor-top-column elementor-element elementor-element-6304192c\" data-id=\"6304192c\" data-element_type=\"column\">\n\t\t\t<div class=\"elementor-widget-wrap elementor-element-populated\">\n\t\t\t\t\t\t\t\t<div class=\"elementor-element elementor-element-2b8c33e1 elementor-widget-divider--view-line elementor-widget elementor-widget-divider\" data-id=\"2b8c33e1\" data-element_type=\"widget\" data-widget_type=\"divider.default\">\n\t\t\t\t<div class=\"elementor-widget-container\">\n\t\t\t\t\t<div class=\"elementor-divider\">\n\t\t\t<span class=\"elementor-divider-separator\">\n\t\t\t\t\t\t<\/span>\n\t\t<\/div>\n\t\t\t\t<\/div>\n\t\t\t\t<\/div>\n\t\t\t\t<div class=\"elementor-element elementor-element-7bda49ee elementor-widget elementor-widget-heading\" data-id=\"7bda49ee\" data-element_type=\"widget\" data-widget_type=\"heading.default\">\n\t\t\t\t<div class=\"elementor-widget-container\">\n\t\t\t<h2 class=\"elementor-heading-title elementor-size-default\">\u015bci\u0105ganie<\/h2>\t\t<\/div>\n\t\t\t\t<\/div>\n\t\t\t\t<section class=\"elementor-section elementor-inner-section elementor-element elementor-element-2c48d242 elementor-section-full_width elementor-section-height-default elementor-section-height-default\" data-id=\"2c48d242\" data-element_type=\"section\">\n\t\t\t\t\t\t<div class=\"elementor-container elementor-column-gap-default\">\n\t\t\t\t\t<div class=\"elementor-column elementor-col-33 elementor-inner-column elementor-element elementor-element-1ba08011\" data-id=\"1ba08011\" data-element_type=\"column\" data-settings=\"{&quot;background_background&quot;:&quot;classic&quot;}\">\n\t\t\t<div class=\"elementor-widget-wrap elementor-element-populated\">\n\t\t\t\t\t\t\t\t<div class=\"elementor-element elementor-element-d8adcf9 elementor-widget elementor-widget-spacer\" data-id=\"d8adcf9\" data-element_type=\"widget\" data-widget_type=\"spacer.default\">\n\t\t\t\t<div class=\"elementor-widget-container\">\n\t\t\t\t\t<div class=\"elementor-spacer\">\n\t\t\t<div class=\"elementor-spacer-inner\"><\/div>\n\t\t<\/div>\n\t\t\t\t<\/div>\n\t\t\t\t<\/div>\n\t\t\t\t<div class=\"elementor-element elementor-element-60a95ae6 elementor-widget elementor-widget-image\" data-id=\"60a95ae6\" data-element_type=\"widget\" data-widget_type=\"image.default\">\n\t\t\t\t<div class=\"elementor-widget-container\">\n\t\t\t\t\t\t\t\t\t\t\t\t\t\t\t\t<a href=\"https:\/\/firepumps.net\/NM-FIRE-Company-Profile.pdf\">\n\t\t\t\t\t\t\t<img loading=\"lazy\" decoding=\"async\" width=\"95\" height=\"100\" src=\"https:\/\/firepumps.net\/wp-content\/uploads\/2021\/03\/download.png\" class=\"elementor-animation-pulse-shrink attachment-large size-large wp-image-386\" alt=\"\" \/>\t\t\t\t\t\t\t\t<\/a>\n\t\t\t\t\t\t\t\t\t\t\t\t\t\t\t<\/div>\n\t\t\t\t<\/div>\n\t\t\t\t<div class=\"elementor-element elementor-element-768c2d4 elementor-widget elementor-widget-spacer\" data-id=\"768c2d4\" data-element_type=\"widget\" data-widget_type=\"spacer.default\">\n\t\t\t\t<div class=\"elementor-widget-container\">\n\t\t\t\t\t<div class=\"elementor-spacer\">\n\t\t\t<div class=\"elementor-spacer-inner\"><\/div>\n\t\t<\/div>\n\t\t\t\t<\/div>\n\t\t\t\t<\/div>\n\t\t\t\t<div class=\"elementor-element elementor-element-7466331b elementor-align-center elementor-widget elementor-widget-button\" data-id=\"7466331b\" data-element_type=\"widget\" data-widget_type=\"button.default\">\n\t\t\t\t<div class=\"elementor-widget-container\">\n\t\t\t\t\t<div class=\"elementor-button-wrapper\">\n\t\t\t<a href=\"https:\/\/firepumps.net\/NM-FIRE-Company-Profile.pdf\" class=\"elementor-button-link elementor-button elementor-size-sm\" role=\"button\">\n\t\t\t\t\t\t<span class=\"elementor-button-content-wrapper\">\n\t\t\t\t\t\t<span class=\"elementor-button-text\">Grupa pomp przeciwpo\u017carowych z dzielon\u0105 obudow\u0105<\/span>\n\t\t<\/span>\n\t\t\t\t\t<\/a>\n\t\t<\/div>\n\t\t\t\t<\/div>\n\t\t\t\t<\/div>\n\t\t\t\t\t<\/div>\n\t\t<\/div>\n\t\t\t\t<div class=\"elementor-column elementor-col-33 elementor-inner-column elementor-element elementor-element-104690c\" data-id=\"104690c\" data-element_type=\"column\" data-settings=\"{&quot;background_background&quot;:&quot;classic&quot;}\">\n\t\t\t<div class=\"elementor-widget-wrap elementor-element-populated\">\n\t\t\t\t\t\t\t\t<div class=\"elementor-element elementor-element-bc552e1 elementor-widget elementor-widget-spacer\" data-id=\"bc552e1\" data-element_type=\"widget\" data-widget_type=\"spacer.default\">\n\t\t\t\t<div class=\"elementor-widget-container\">\n\t\t\t\t\t<div class=\"elementor-spacer\">\n\t\t\t<div class=\"elementor-spacer-inner\"><\/div>\n\t\t<\/div>\n\t\t\t\t<\/div>\n\t\t\t\t<\/div>\n\t\t\t\t<div class=\"elementor-element elementor-element-5d598fe elementor-widget elementor-widget-image\" data-id=\"5d598fe\" data-element_type=\"widget\" data-widget_type=\"image.default\">\n\t\t\t\t<div class=\"elementor-widget-container\">\n\t\t\t\t\t\t\t\t\t\t\t\t\t\t\t\t<a href=\"https:\/\/firepumps.net\/Fire-Pump-Equipment.pdf\">\n\t\t\t\t\t\t\t<img loading=\"lazy\" decoding=\"async\" width=\"95\" height=\"100\" src=\"https:\/\/firepumps.net\/wp-content\/uploads\/2021\/03\/download.png\" class=\"elementor-animation-pulse-shrink attachment-large size-large wp-image-386\" alt=\"\" \/>\t\t\t\t\t\t\t\t<\/a>\n\t\t\t\t\t\t\t\t\t\t\t\t\t\t\t<\/div>\n\t\t\t\t<\/div>\n\t\t\t\t<div class=\"elementor-element elementor-element-2da5f59 elementor-widget elementor-widget-spacer\" data-id=\"2da5f59\" data-element_type=\"widget\" data-widget_type=\"spacer.default\">\n\t\t\t\t<div class=\"elementor-widget-container\">\n\t\t\t\t\t<div class=\"elementor-spacer\">\n\t\t\t<div class=\"elementor-spacer-inner\"><\/div>\n\t\t<\/div>\n\t\t\t\t<\/div>\n\t\t\t\t<\/div>\n\t\t\t\t<div class=\"elementor-element elementor-element-09b5bcf elementor-align-center elementor-widget elementor-widget-button\" data-id=\"09b5bcf\" data-element_type=\"widget\" data-widget_type=\"button.default\">\n\t\t\t\t<div class=\"elementor-widget-container\">\n\t\t\t\t\t<div class=\"elementor-button-wrapper\">\n\t\t\t<a href=\"https:\/\/firepumps.net\/Fire-Pump-Equipment.pdf\" class=\"elementor-button-link elementor-button elementor-size-sm\" role=\"button\">\n\t\t\t\t\t\t<span class=\"elementor-button-content-wrapper\">\n\t\t\t\t\t\t<span class=\"elementor-button-text\">Wyposa\u017cenie pompy przeciwpo\u017carowej<\/span>\n\t\t<\/span>\n\t\t\t\t\t<\/a>\n\t\t<\/div>\n\t\t\t\t<\/div>\n\t\t\t\t<\/div>\n\t\t\t\t\t<\/div>\n\t\t<\/div>\n\t\t\t\t<div class=\"elementor-column elementor-col-33 elementor-inner-column elementor-element elementor-element-2bbe3e9\" data-id=\"2bbe3e9\" data-element_type=\"column\" data-settings=\"{&quot;background_background&quot;:&quot;classic&quot;}\">\n\t\t\t<div class=\"elementor-widget-wrap elementor-element-populated\">\n\t\t\t\t\t\t\t\t<div class=\"elementor-element elementor-element-81c3e98 elementor-widget elementor-widget-spacer\" data-id=\"81c3e98\" data-element_type=\"widget\" data-widget_type=\"spacer.default\">\n\t\t\t\t<div class=\"elementor-widget-container\">\n\t\t\t\t\t<div class=\"elementor-spacer\">\n\t\t\t<div class=\"elementor-spacer-inner\"><\/div>\n\t\t<\/div>\n\t\t\t\t<\/div>\n\t\t\t\t<\/div>\n\t\t\t\t<div class=\"elementor-element elementor-element-cb14f8c elementor-widget elementor-widget-image\" data-id=\"cb14f8c\" data-element_type=\"widget\" data-widget_type=\"image.default\">\n\t\t\t\t<div class=\"elementor-widget-container\">\n\t\t\t\t\t\t\t\t\t\t\t\t\t\t\t\t<a href=\"https:\/\/firepumps.net\/Split-case%20Fire%20Pump%20System.pdf\">\n\t\t\t\t\t\t\t<img loading=\"lazy\" decoding=\"async\" width=\"95\" height=\"100\" src=\"https:\/\/firepumps.net\/wp-content\/uploads\/2021\/03\/download.png\" class=\"elementor-animation-pulse-shrink attachment-large size-large wp-image-386\" alt=\"\" \/>\t\t\t\t\t\t\t\t<\/a>\n\t\t\t\t\t\t\t\t\t\t\t\t\t\t\t<\/div>\n\t\t\t\t<\/div>\n\t\t\t\t<div class=\"elementor-element elementor-element-6f554e4 elementor-widget elementor-widget-spacer\" data-id=\"6f554e4\" data-element_type=\"widget\" data-widget_type=\"spacer.default\">\n\t\t\t\t<div class=\"elementor-widget-container\">\n\t\t\t\t\t<div class=\"elementor-spacer\">\n\t\t\t<div class=\"elementor-spacer-inner\"><\/div>\n\t\t<\/div>\n\t\t\t\t<\/div>\n\t\t\t\t<\/div>\n\t\t\t\t<div class=\"elementor-element elementor-element-0fd7215 elementor-align-center elementor-widget elementor-widget-button\" data-id=\"0fd7215\" data-element_type=\"widget\" data-widget_type=\"button.default\">\n\t\t\t\t<div class=\"elementor-widget-container\">\n\t\t\t\t\t<div class=\"elementor-button-wrapper\">\n\t\t\t<a href=\"https:\/\/firepumps.net\/Split-case%20Fire%20Pump%20System.pdf\" class=\"elementor-button-link elementor-button elementor-size-sm\" role=\"button\">\n\t\t\t\t\t\t<span class=\"elementor-button-content-wrapper\">\n\t\t\t\t\t\t<span class=\"elementor-button-text\">System pompy przeciwpo\u017carowej z dzielon\u0105 obudow\u0105<\/span>\n\t\t<\/span>\n\t\t\t\t\t<\/a>\n\t\t<\/div>\n\t\t\t\t<\/div>\n\t\t\t\t<\/div>\n\t\t\t\t\t<\/div>\n\t\t<\/div>\n\t\t\t\t\t\t\t<\/div>\n\t\t<\/section>\n\t\t\t\t<section class=\"elementor-section elementor-inner-section elementor-element elementor-element-4576332 elementor-section-full_width elementor-section-height-default elementor-section-height-default\" data-id=\"4576332\" data-element_type=\"section\">\n\t\t\t\t\t\t<div class=\"elementor-container elementor-column-gap-default\">\n\t\t\t\t\t<div class=\"elementor-column elementor-col-33 elementor-inner-column elementor-element elementor-element-1beecc2\" data-id=\"1beecc2\" data-element_type=\"column\" data-settings=\"{&quot;background_background&quot;:&quot;classic&quot;}\">\n\t\t\t<div class=\"elementor-widget-wrap elementor-element-populated\">\n\t\t\t\t\t\t\t\t<div class=\"elementor-element elementor-element-de74b9a elementor-widget elementor-widget-spacer\" data-id=\"de74b9a\" data-element_type=\"widget\" data-widget_type=\"spacer.default\">\n\t\t\t\t<div class=\"elementor-widget-container\">\n\t\t\t\t\t<div class=\"elementor-spacer\">\n\t\t\t<div class=\"elementor-spacer-inner\"><\/div>\n\t\t<\/div>\n\t\t\t\t<\/div>\n\t\t\t\t<\/div>\n\t\t\t\t<div class=\"elementor-element elementor-element-8450608 elementor-widget elementor-widget-image\" data-id=\"8450608\" data-element_type=\"widget\" data-widget_type=\"image.default\">\n\t\t\t\t<div class=\"elementor-widget-container\">\n\t\t\t\t\t\t\t\t\t\t\t\t\t\t\t\t<a href=\"https:\/\/firepumps.net\/NM%20Fire%20Series%20Standard%20Diesel%20Engine.pdf\">\n\t\t\t\t\t\t\t<img loading=\"lazy\" decoding=\"async\" width=\"95\" height=\"100\" src=\"https:\/\/firepumps.net\/wp-content\/uploads\/2021\/03\/download.png\" class=\"elementor-animation-pulse-shrink attachment-large size-large wp-image-386\" alt=\"\" \/>\t\t\t\t\t\t\t\t<\/a>\n\t\t\t\t\t\t\t\t\t\t\t\t\t\t\t<\/div>\n\t\t\t\t<\/div>\n\t\t\t\t<div class=\"elementor-element elementor-element-e77aff7 elementor-widget elementor-widget-spacer\" data-id=\"e77aff7\" data-element_type=\"widget\" data-widget_type=\"spacer.default\">\n\t\t\t\t<div class=\"elementor-widget-container\">\n\t\t\t\t\t<div class=\"elementor-spacer\">\n\t\t\t<div class=\"elementor-spacer-inner\"><\/div>\n\t\t<\/div>\n\t\t\t\t<\/div>\n\t\t\t\t<\/div>\n\t\t\t\t<div class=\"elementor-element elementor-element-462a984 elementor-align-center elementor-widget elementor-widget-button\" data-id=\"462a984\" data-element_type=\"widget\" data-widget_type=\"button.default\">\n\t\t\t\t<div class=\"elementor-widget-container\">\n\t\t\t\t\t<div class=\"elementor-button-wrapper\">\n\t\t\t<a href=\"https:\/\/firepumps.net\/NM%20Fire%20Series%20Standard%20Diesel%20Engine.pdf\" class=\"elementor-button-link elementor-button elementor-size-sm\" role=\"button\">\n\t\t\t\t\t\t<span class=\"elementor-button-content-wrapper\">\n\t\t\t\t\t\t<span class=\"elementor-button-text\">Standardowy silnik wysokopr\u0119\u017cny serii NM Fire<\/span>\n\t\t<\/span>\n\t\t\t\t\t<\/a>\n\t\t<\/div>\n\t\t\t\t<\/div>\n\t\t\t\t<\/div>\n\t\t\t\t\t<\/div>\n\t\t<\/div>\n\t\t\t\t<div class=\"elementor-column elementor-col-33 elementor-inner-column elementor-element elementor-element-7d6b7bb\" data-id=\"7d6b7bb\" data-element_type=\"column\" data-settings=\"{&quot;background_background&quot;:&quot;classic&quot;}\">\n\t\t\t<div class=\"elementor-widget-wrap elementor-element-populated\">\n\t\t\t\t\t\t\t\t<div class=\"elementor-element elementor-element-0b33f86 elementor-widget elementor-widget-spacer\" data-id=\"0b33f86\" data-element_type=\"widget\" data-widget_type=\"spacer.default\">\n\t\t\t\t<div class=\"elementor-widget-container\">\n\t\t\t\t\t<div class=\"elementor-spacer\">\n\t\t\t<div class=\"elementor-spacer-inner\"><\/div>\n\t\t<\/div>\n\t\t\t\t<\/div>\n\t\t\t\t<\/div>\n\t\t\t\t<div class=\"elementor-element elementor-element-4523b06 elementor-widget elementor-widget-image\" data-id=\"4523b06\" data-element_type=\"widget\" data-widget_type=\"image.default\">\n\t\t\t\t<div class=\"elementor-widget-container\">\n\t\t\t\t\t\t\t\t\t\t\t\t\t\t\t\t<a href=\"https:\/\/firepumps.net\/End-Suction%20Fire%20Pump%20Systems.pdf\">\n\t\t\t\t\t\t\t<img loading=\"lazy\" decoding=\"async\" width=\"95\" height=\"100\" src=\"https:\/\/firepumps.net\/wp-content\/uploads\/2021\/03\/download.png\" class=\"elementor-animation-pulse-shrink attachment-large size-large wp-image-386\" alt=\"\" \/>\t\t\t\t\t\t\t\t<\/a>\n\t\t\t\t\t\t\t\t\t\t\t\t\t\t\t<\/div>\n\t\t\t\t<\/div>\n\t\t\t\t<div class=\"elementor-element elementor-element-7487d07 elementor-widget elementor-widget-spacer\" data-id=\"7487d07\" data-element_type=\"widget\" data-widget_type=\"spacer.default\">\n\t\t\t\t<div class=\"elementor-widget-container\">\n\t\t\t\t\t<div class=\"elementor-spacer\">\n\t\t\t<div class=\"elementor-spacer-inner\"><\/div>\n\t\t<\/div>\n\t\t\t\t<\/div>\n\t\t\t\t<\/div>\n\t\t\t\t<div class=\"elementor-element elementor-element-3d51421 elementor-align-center elementor-widget elementor-widget-button\" data-id=\"3d51421\" data-element_type=\"widget\" data-widget_type=\"button.default\">\n\t\t\t\t<div class=\"elementor-widget-container\">\n\t\t\t\t\t<div class=\"elementor-button-wrapper\">\n\t\t\t<a href=\"https:\/\/firepumps.net\/End-Suction%20Fire%20Pump%20Systems.pdf\" class=\"elementor-button-link elementor-button elementor-size-sm\" role=\"button\">\n\t\t\t\t\t\t<span class=\"elementor-button-content-wrapper\">\n\t\t\t\t\t\t<span class=\"elementor-button-text\">Systemy pomp przeciwpo\u017carowych z wlotem ko\u0144cowym<\/span>\n\t\t<\/span>\n\t\t\t\t\t<\/a>\n\t\t<\/div>\n\t\t\t\t<\/div>\n\t\t\t\t<\/div>\n\t\t\t\t\t<\/div>\n\t\t<\/div>\n\t\t\t\t<div class=\"elementor-column elementor-col-33 elementor-inner-column elementor-element elementor-element-e2d8b95\" data-id=\"e2d8b95\" data-element_type=\"column\" data-settings=\"{&quot;background_background&quot;:&quot;classic&quot;}\">\n\t\t\t<div class=\"elementor-widget-wrap\">\n\t\t\t\t\t\t\t\t\t<\/div>\n\t\t<\/div>\n\t\t\t\t\t\t\t<\/div>\n\t\t<\/section>\n\t\t\t\t\t<\/div>\n\t\t<\/div>\n\t\t\t\t\t\t\t<\/div>\n\t\t<\/section>\n\t\t\t\t\t\t\t<\/div>\n\t\t","protected":false},"excerpt":{"rendered":"<p>?ci?ganie Grupa pomp przeciwpo?arowych z dzielon? obudow? Wyposa?enie pompy przeciwpo?arowej System pompy przeciwpo?arowej z dzielon? obudow? Standardowy silnik wysokopr??ny serii NM Fire Systemy pomp przeciwpo?arowych z wlotem ko?cowym<\/p>\n","protected":false},"author":1,"featured_media":0,"parent":739,"menu_order":0,"comment_status":"closed","ping_status":"closed","template":"","meta":{"footnotes":""},"class_list":["post-755","page","type-page","status-publish","hentry","entry","owp-thumbs-layout-horizontal","owp-btn-normal","owp-tabs-layout-horizontal","has-no-thumbnails","has-product-nav"],"yoast_head":"<!-- This site is optimized with the Yoast SEO Premium plugin v19.7 (Yoast SEO v19.14) - https:\/\/yoast.com\/wordpress\/plugins\/seo\/ -->\n<title>Pobierac | firepumps.net<\/title>\n<meta name=\"robots\" content=\"index, follow, max-snippet:-1, max-image-preview:large, max-video-preview:-1\" \/>\n<link rel=\"canonical\" href=\"https:\/\/firepumps.net\/pl\/o-nas\/pobierac\/\" \/>\n<meta property=\"og:locale\" content=\"pl_PL\" \/>\n<meta property=\"og:type\" content=\"article\" \/>\n<meta property=\"og:title\" content=\"Pobierac\" \/>\n<meta property=\"og:description\" content=\"?ci?ganie Grupa pomp przeciwpo?arowych z dzielon? obudow? Wyposa?enie pompy przeciwpo?arowej System pompy przeciwpo?arowej z dzielon? obudow? Standardowy silnik wysokopr??ny serii NM Fire Systemy pomp przeciwpo?arowych z wlotem ko?cowym\" \/>\n<meta property=\"og:url\" content=\"https:\/\/firepumps.net\/pl\/o-nas\/pobierac\/\" \/>\n<meta property=\"og:site_name\" content=\"firepumps.net\" \/>\n<meta property=\"article:modified_time\" content=\"2023-01-12T12:31:29+00:00\" \/>\n<meta property=\"og:image\" content=\"http:\/\/firepumps.net\/wp-content\/uploads\/2021\/03\/1565761785744871-1024x256.jpg\" \/>\n<meta name=\"twitter:card\" content=\"summary_large_image\" \/>\n<meta name=\"twitter:label1\" content=\"Szacowany czas czytania\" \/>\n\t<meta name=\"twitter:data1\" content=\"2 minuty\" \/>\n<script type=\"application\/ld+json\" class=\"yoast-schema-graph\">{\"@context\":\"https:\/\/schema.org\",\"@graph\":[{\"@type\":\"WebPage\",\"@id\":\"https:\/\/firepumps.net\/pl\/o-nas\/pobierac\/\",\"url\":\"https:\/\/firepumps.net\/pl\/o-nas\/pobierac\/\",\"name\":\"Pobierac | firepumps.net\",\"isPartOf\":{\"@id\":\"https:\/\/firepumps.net\/#website\"},\"datePublished\":\"2021-03-09T20:37:12+00:00\",\"dateModified\":\"2023-01-12T12:31:29+00:00\",\"breadcrumb\":{\"@id\":\"https:\/\/firepumps.net\/pl\/o-nas\/pobierac\/#breadcrumb\"},\"inLanguage\":\"pl-PL\",\"potentialAction\":[{\"@type\":\"ReadAction\",\"target\":[\"https:\/\/firepumps.net\/pl\/o-nas\/pobierac\/\"]}]},{\"@type\":\"BreadcrumbList\",\"@id\":\"https:\/\/firepumps.net\/pl\/o-nas\/pobierac\/#breadcrumb\",\"itemListElement\":[{\"@type\":\"ListItem\",\"position\":1,\"name\":\"Home\",\"item\":\"https:\/\/firepumps.net\/pl\/\"},{\"@type\":\"ListItem\",\"position\":2,\"name\":\"O nas\",\"item\":\"https:\/\/firepumps.net\/pl\/o-nas\/\"},{\"@type\":\"ListItem\",\"position\":3,\"name\":\"Pobierac\"}]},{\"@type\":\"WebSite\",\"@id\":\"https:\/\/firepumps.net\/#website\",\"url\":\"https:\/\/firepumps.net\/\",\"name\":\"firepumps.net\",\"description\":\"\",\"publisher\":{\"@id\":\"https:\/\/firepumps.net\/#organization\"},\"potentialAction\":[{\"@type\":\"SearchAction\",\"target\":{\"@type\":\"EntryPoint\",\"urlTemplate\":\"https:\/\/firepumps.net\/?s={search_term_string}\"},\"query-input\":\"required name=search_term_string\"}],\"inLanguage\":\"pl-PL\"},{\"@type\":\"Organization\",\"@id\":\"https:\/\/firepumps.net\/#organization\",\"name\":\"firepumps.net\",\"url\":\"https:\/\/firepumps.net\/\",\"logo\":{\"@type\":\"ImageObject\",\"inLanguage\":\"pl-PL\",\"@id\":\"https:\/\/firepumps.net\/#\/schema\/logo\/image\/\",\"url\":\"https:\/\/firepumps.net\/wp-content\/uploads\/2021\/03\/logo.png\",\"contentUrl\":\"https:\/\/firepumps.net\/wp-content\/uploads\/2021\/03\/logo.png\",\"width\":156,\"height\":60,\"caption\":\"firepumps.net\"},\"image\":{\"@id\":\"https:\/\/firepumps.net\/#\/schema\/logo\/image\/\"}}]}<\/script>\n<!-- \/ Yoast SEO Premium plugin. -->","yoast_head_json":{"title":"Pobierac | firepumps.net","robots":{"index":"index","follow":"follow","max-snippet":"max-snippet:-1","max-image-preview":"max-image-preview:large","max-video-preview":"max-video-preview:-1"},"canonical":"https:\/\/firepumps.net\/pl\/o-nas\/pobierac\/","og_locale":"pl_PL","og_type":"article","og_title":"Pobierac","og_description":"?ci?ganie Grupa pomp przeciwpo?arowych z dzielon? obudow? Wyposa?enie pompy przeciwpo?arowej System pompy przeciwpo?arowej z dzielon? obudow? Standardowy silnik wysokopr??ny serii NM Fire Systemy pomp przeciwpo?arowych z wlotem ko?cowym","og_url":"https:\/\/firepumps.net\/pl\/o-nas\/pobierac\/","og_site_name":"firepumps.net","article_modified_time":"2023-01-12T12:31:29+00:00","og_image":[{"url":"http:\/\/firepumps.net\/wp-content\/uploads\/2021\/03\/1565761785744871-1024x256.jpg"}],"twitter_card":"summary_large_image","twitter_misc":{"Szacowany czas czytania":"2 minuty"},"schema":{"@context":"https:\/\/schema.org","@graph":[{"@type":"WebPage","@id":"https:\/\/firepumps.net\/pl\/o-nas\/pobierac\/","url":"https:\/\/firepumps.net\/pl\/o-nas\/pobierac\/","name":"Pobierac | firepumps.net","isPartOf":{"@id":"https:\/\/firepumps.net\/#website"},"datePublished":"2021-03-09T20:37:12+00:00","dateModified":"2023-01-12T12:31:29+00:00","breadcrumb":{"@id":"https:\/\/firepumps.net\/pl\/o-nas\/pobierac\/#breadcrumb"},"inLanguage":"pl-PL","potentialAction":[{"@type":"ReadAction","target":["https:\/\/firepumps.net\/pl\/o-nas\/pobierac\/"]}]},{"@type":"BreadcrumbList","@id":"https:\/\/firepumps.net\/pl\/o-nas\/pobierac\/#breadcrumb","itemListElement":[{"@type":"ListItem","position":1,"name":"Home","item":"https:\/\/firepumps.net\/pl\/"},{"@type":"ListItem","position":2,"name":"O nas","item":"https:\/\/firepumps.net\/pl\/o-nas\/"},{"@type":"ListItem","position":3,"name":"Pobierac"}]},{"@type":"WebSite","@id":"https:\/\/firepumps.net\/#website","url":"https:\/\/firepumps.net\/","name":"firepumps.net","description":"","publisher":{"@id":"https:\/\/firepumps.net\/#organization"},"potentialAction":[{"@type":"SearchAction","target":{"@type":"EntryPoint","urlTemplate":"https:\/\/firepumps.net\/?s={search_term_string}"},"query-input":"required name=search_term_string"}],"inLanguage":"pl-PL"},{"@type":"Organization","@id":"https:\/\/firepumps.net\/#organization","name":"firepumps.net","url":"https:\/\/firepumps.net\/","logo":{"@type":"ImageObject","inLanguage":"pl-PL","@id":"https:\/\/firepumps.net\/#\/schema\/logo\/image\/","url":"https:\/\/firepumps.net\/wp-content\/uploads\/2021\/03\/logo.png","contentUrl":"https:\/\/firepumps.net\/wp-content\/uploads\/2021\/03\/logo.png","width":156,"height":60,"caption":"firepumps.net"},"image":{"@id":"https:\/\/firepumps.net\/#\/schema\/logo\/image\/"}}]}},"_links":{"self":[{"href":"https:\/\/firepumps.net\/pl\/wp-json\/wp\/v2\/pages\/755","targetHints":{"allow":["GET"]}}],"collection":[{"href":"https:\/\/firepumps.net\/pl\/wp-json\/wp\/v2\/pages"}],"about":[{"href":"https:\/\/firepumps.net\/pl\/wp-json\/wp\/v2\/types\/page"}],"author":[{"embeddable":true,"href":"https:\/\/firepumps.net\/pl\/wp-json\/wp\/v2\/users\/1"}],"replies":[{"embeddable":true,"href":"https:\/\/firepumps.net\/pl\/wp-json\/wp\/v2\/comments?post=755"}],"version-history":[{"count":0,"href":"https:\/\/firepumps.net\/pl\/wp-json\/wp\/v2\/pages\/755\/revisions"}],"up":[{"embeddable":true,"href":"https:\/\/firepumps.net\/pl\/wp-json\/wp\/v2\/pages\/739"}],"wp:attachment":[{"href":"https:\/\/firepumps.net\/pl\/wp-json\/wp\/v2\/media?parent=755"}],"curies":[{"name":"wp","href":"https:\/\/api.w.org\/{rel}","templated":true}]}}