{"id":757,"date":"2021-03-09T23:36:53","date_gmt":"2021-03-09T20:36:53","guid":{"rendered":"http:\/\/firepumps.net\/o-nas\/nm-uniwersytet-pozarniczy\/"},"modified":"2023-01-12T15:31:49","modified_gmt":"2023-01-12T12:31:49","slug":"nm-uniwersytet-pozarniczy","status":"publish","type":"page","link":"https:\/\/firepumps.net\/pl\/o-nas\/nm-uniwersytet-pozarniczy\/","title":{"rendered":"NM Uniwersytet Pozarniczy"},"content":{"rendered":"\t\t<div data-elementor-type=\"wp-page\" data-elementor-id=\"757\" class=\"elementor elementor-757 elementor-32\">\n\t\t\t\t\t\t\t\t\t<section class=\"elementor-section elementor-top-section elementor-element elementor-element-7d3f9c9d elementor-section-stretched elementor-section-boxed elementor-section-height-default elementor-section-height-default\" data-id=\"7d3f9c9d\" data-element_type=\"section\" data-settings=\"{&quot;stretch_section&quot;:&quot;section-stretched&quot;}\">\n\t\t\t\t\t\t<div class=\"elementor-container elementor-column-gap-default\">\n\t\t\t\t\t<div class=\"elementor-column elementor-col-100 elementor-top-column elementor-element elementor-element-3bb06da3\" data-id=\"3bb06da3\" data-element_type=\"column\">\n\t\t\t<div class=\"elementor-widget-wrap elementor-element-populated\">\n\t\t\t\t\t\t\t\t<div class=\"elementor-element elementor-element-57d9a9b7 elementor-widget elementor-widget-image\" data-id=\"57d9a9b7\" data-element_type=\"widget\" data-widget_type=\"image.default\">\n\t\t\t\t<div class=\"elementor-widget-container\">\n\t\t\t\t\t\t\t\t\t\t\t\t\t\t\t<img loading=\"lazy\" decoding=\"async\" width=\"1024\" height=\"256\" src=\"https:\/\/firepumps.net\/wp-content\/uploads\/2021\/03\/1565750224268340-1024x256.jpg\" class=\"attachment-large size-large wp-image-338\" alt=\"\" srcset=\"https:\/\/firepumps.net\/wp-content\/uploads\/2021\/03\/1565750224268340-1024x256.jpg 1024w, https:\/\/firepumps.net\/wp-content\/uploads\/2021\/03\/1565750224268340-600x150.jpg 600w, https:\/\/firepumps.net\/wp-content\/uploads\/2021\/03\/1565750224268340-300x75.jpg 300w, https:\/\/firepumps.net\/wp-content\/uploads\/2021\/03\/1565750224268340-768x192.jpg 768w, https:\/\/firepumps.net\/wp-content\/uploads\/2021\/03\/1565750224268340-1536x384.jpg 1536w, https:\/\/firepumps.net\/wp-content\/uploads\/2021\/03\/1565750224268340.jpg 1920w\" sizes=\"auto, (max-width: 1024px) 100vw, 1024px\" \/>\t\t\t\t\t\t\t\t\t\t\t\t\t\t\t<\/div>\n\t\t\t\t<\/div>\n\t\t\t\t\t<\/div>\n\t\t<\/div>\n\t\t\t\t\t\t\t<\/div>\n\t\t<\/section>\n\t\t\t\t<section class=\"elementor-section elementor-top-section elementor-element elementor-element-78238863 elementor-section-stretched elementor-section-boxed elementor-section-height-default elementor-section-height-default\" data-id=\"78238863\" data-element_type=\"section\" data-settings=\"{&quot;stretch_section&quot;:&quot;section-stretched&quot;}\">\n\t\t\t\t\t\t<div class=\"elementor-container elementor-column-gap-default\">\n\t\t\t\t\t<div class=\"elementor-column elementor-col-100 elementor-top-column elementor-element elementor-element-4d742fde\" data-id=\"4d742fde\" data-element_type=\"column\">\n\t\t\t<div class=\"elementor-widget-wrap elementor-element-populated\">\n\t\t\t\t\t\t\t\t<div class=\"elementor-element elementor-element-20f05dfc elementor-widget-divider--view-line elementor-widget elementor-widget-divider\" data-id=\"20f05dfc\" data-element_type=\"widget\" data-widget_type=\"divider.default\">\n\t\t\t\t<div class=\"elementor-widget-container\">\n\t\t\t\t\t<div class=\"elementor-divider\">\n\t\t\t<span class=\"elementor-divider-separator\">\n\t\t\t\t\t\t<\/span>\n\t\t<\/div>\n\t\t\t\t<\/div>\n\t\t\t\t<\/div>\n\t\t\t\t<div class=\"elementor-element elementor-element-20c22529 elementor-widget elementor-widget-heading\" data-id=\"20c22529\" data-element_type=\"widget\" data-widget_type=\"heading.default\">\n\t\t\t\t<div class=\"elementor-widget-container\">\n\t\t\t<h2 class=\"elementor-heading-title elementor-size-default\">NM Uniwersytet Po\u017carniczy<\/h2>\t\t<\/div>\n\t\t\t\t<\/div>\n\t\t\t\t<div class=\"elementor-element elementor-element-7213646b elementor-widget elementor-widget-text-editor\" data-id=\"7213646b\" data-element_type=\"widget\" data-widget_type=\"text-editor.default\">\n\t\t\t\t<div class=\"elementor-widget-container\">\n\t\t\t\t\t\t\t<p>NM Fire jest pierwszym cz\u0142onkiem NFPA chi\u0144skich producent\u00f3w pomp. Wsp\u00f3lnie zbudowa\u0142 \u201eCentrum szkoleniowe technologii pomp przeciwpo\u017carowych\u201d wraz z Krajowym Stowarzyszeniem Ochrony Przeciwpo\u017carowej i Zagranicznym Urz\u0119dem Certyfikacji w celu dalszego wykorzystania globalnej zaawansowanej technologii pomp przeciwpo\u017carowych i zmieniaj\u0105cej si\u0119 zacofanej sytuacji w dziedzinie pomp przeciwpo\u017carowych.<\/p>\n<p>Obecnie trwa budowa centrum szkoleniowego. NM Fire specjalnie skompletowa\u0142 system standardowego pakietu dla centrum szkoleniowego zgodnie z NFPA20, kt\u00f3ry mo\u017ce by\u0107 wykorzystany do nauczania na miejscu i praktycznego szkolenia operacyjnego.<\/p>\n<p>Sta\u017cy\u015bci:<\/p>\n<p>Projektanci z firmy in\u017cynierii przeciwpo\u017carowej i instytutu projektowego<\/p>\n<p>Pracownicy rz\u0105dowi, kt\u00f3rzy zajmuj\u0105 si\u0119 zarz\u0105dzaniem kontrol\u0105 przeciwpo\u017carow\u0105<\/p>\n<p>Sprzedawcy pomp przeciwpo\u017carowych<\/p>\n<p>Grupa u\u017cytkownik\u00f3w ko\u0144cowych i operator\u00f3w pomp przeciwpo\u017carowych<\/p>\n<p>Co mo\u017cesz zyska\u0107 dzi\u0119ki szkoleniu?<\/p>\n<p>Zasady dzia\u0142ania systemu pakietowego<\/p>\n<p>Procedura obs\u0142ugi systemu pakietowego<\/p>\n<p>Szkolenia techniczne i technologiczne w zakresie pomp przeciwpo\u017carowych, silnik\u00f3w wysokopr\u0119\u017cnych i sterownik\u00f3w po\u017carniczych itp.<\/p>\n<p>Szkolenie w zakresie najnowszego standardu NFPA 20<\/p>\n<p>Proste rozwi\u0105zywanie problem\u00f3w w systemie pakiet\u00f3w NFPA20<\/p>\n\t\t\t\t\t\t<\/div>\n\t\t\t\t<\/div>\n\t\t\t\t<div class=\"elementor-element elementor-element-13cfa621 elementor-widget elementor-widget-image\" data-id=\"13cfa621\" data-element_type=\"widget\" data-widget_type=\"image.default\">\n\t\t\t\t<div class=\"elementor-widget-container\">\n\t\t\t\t\t\t\t\t\t\t\t\t\t\t\t<img loading=\"lazy\" decoding=\"async\" width=\"1024\" height=\"393\" src=\"https:\/\/firepumps.net\/wp-content\/uploads\/2021\/03\/1561700801381059-1024x393.jpg\" class=\"attachment-large size-large wp-image-336\" alt=\"\" srcset=\"https:\/\/firepumps.net\/wp-content\/uploads\/2021\/03\/1561700801381059-1024x393.jpg 1024w, https:\/\/firepumps.net\/wp-content\/uploads\/2021\/03\/1561700801381059-600x230.jpg 600w, https:\/\/firepumps.net\/wp-content\/uploads\/2021\/03\/1561700801381059-300x115.jpg 300w, https:\/\/firepumps.net\/wp-content\/uploads\/2021\/03\/1561700801381059-768x294.jpg 768w, https:\/\/firepumps.net\/wp-content\/uploads\/2021\/03\/1561700801381059.jpg 1200w\" sizes=\"auto, (max-width: 1024px) 100vw, 1024px\" \/>\t\t\t\t\t\t\t\t\t\t\t\t\t\t\t<\/div>\n\t\t\t\t<\/div>\n\t\t\t\t<div class=\"elementor-element elementor-element-48865037 elementor-widget elementor-widget-image\" data-id=\"48865037\" data-element_type=\"widget\" data-widget_type=\"image.default\">\n\t\t\t\t<div class=\"elementor-widget-container\">\n\t\t\t\t\t\t\t\t\t\t\t\t\t\t\t<img loading=\"lazy\" decoding=\"async\" width=\"1024\" height=\"393\" src=\"https:\/\/firepumps.net\/wp-content\/uploads\/2021\/03\/1561700808801802-1024x393.jpg\" class=\"attachment-large size-large wp-image-337\" alt=\"\" srcset=\"https:\/\/firepumps.net\/wp-content\/uploads\/2021\/03\/1561700808801802-1024x393.jpg 1024w, https:\/\/firepumps.net\/wp-content\/uploads\/2021\/03\/1561700808801802-600x230.jpg 600w, https:\/\/firepumps.net\/wp-content\/uploads\/2021\/03\/1561700808801802-300x115.jpg 300w, https:\/\/firepumps.net\/wp-content\/uploads\/2021\/03\/1561700808801802-768x294.jpg 768w, https:\/\/firepumps.net\/wp-content\/uploads\/2021\/03\/1561700808801802.jpg 1200w\" sizes=\"auto, (max-width: 1024px) 100vw, 1024px\" \/>\t\t\t\t\t\t\t\t\t\t\t\t\t\t\t<\/div>\n\t\t\t\t<\/div>\n\t\t\t\t\t<\/div>\n\t\t<\/div>\n\t\t\t\t\t\t\t<\/div>\n\t\t<\/section>\n\t\t\t\t\t\t\t<\/div>\n\t\t","protected":false},"excerpt":{"rendered":"<p>NM Uniwersytet Po?arniczy NM Fire jest pierwszym cz?onkiem NFPA chi?skich producent?w pomp. Wsp?lnie zbudowa? \u201eCentrum szkoleniowe technologii pomp przeciwpo?arowych\u201d wraz z Krajowym Stowarzyszeniem Ochrony Przeciwpo?arowej i Zagranicznym Urz?dem Certyfikacji w celu dalszego wykorzystania globalnej zaawansowanej technologii pomp przeciwpo?arowych i zmieniaj?cej si? zacofanej sytuacji w dziedzinie pomp przeciwpo?arowych. Obecnie trwa budowa centrum szkoleniowego. NM Fire specjalnie [&hellip;]<\/p>\n","protected":false},"author":1,"featured_media":0,"parent":739,"menu_order":0,"comment_status":"closed","ping_status":"closed","template":"","meta":{"footnotes":""},"class_list":["post-757","page","type-page","status-publish","hentry","entry","owp-thumbs-layout-horizontal","owp-btn-normal","owp-tabs-layout-horizontal","has-no-thumbnails","has-product-nav"],"yoast_head":"<!-- This site is optimized with the Yoast SEO Premium plugin v19.7 (Yoast SEO v19.14) - https:\/\/yoast.com\/wordpress\/plugins\/seo\/ -->\n<title>NM Uniwersytet Pozarniczy | firepumps.net<\/title>\n<meta name=\"robots\" content=\"index, follow, max-snippet:-1, max-image-preview:large, max-video-preview:-1\" \/>\n<link rel=\"canonical\" href=\"https:\/\/firepumps.net\/pl\/o-nas\/nm-uniwersytet-pozarniczy\/\" \/>\n<meta property=\"og:locale\" content=\"pl_PL\" \/>\n<meta property=\"og:type\" content=\"article\" \/>\n<meta property=\"og:title\" content=\"NM Uniwersytet Pozarniczy\" \/>\n<meta property=\"og:description\" content=\"NM Uniwersytet Po?arniczy NM Fire jest pierwszym cz?onkiem NFPA chi?skich producent?w pomp. Wsp?lnie zbudowa? \u201eCentrum szkoleniowe technologii pomp przeciwpo?arowych\u201d wraz z Krajowym Stowarzyszeniem Ochrony Przeciwpo?arowej i Zagranicznym Urz?dem Certyfikacji w celu dalszego wykorzystania globalnej zaawansowanej technologii pomp przeciwpo?arowych i zmieniaj?cej si? zacofanej sytuacji w dziedzinie pomp przeciwpo?arowych. Obecnie trwa budowa centrum szkoleniowego. NM Fire specjalnie [&hellip;]\" \/>\n<meta property=\"og:url\" content=\"https:\/\/firepumps.net\/pl\/o-nas\/nm-uniwersytet-pozarniczy\/\" \/>\n<meta property=\"og:site_name\" content=\"firepumps.net\" \/>\n<meta property=\"article:modified_time\" content=\"2023-01-12T12:31:49+00:00\" \/>\n<meta property=\"og:image\" content=\"http:\/\/firepumps.net\/wp-content\/uploads\/2021\/03\/1565750224268340-1024x256.jpg\" \/>\n<meta name=\"twitter:card\" content=\"summary_large_image\" \/>\n<meta name=\"twitter:label1\" content=\"Szacowany czas czytania\" \/>\n\t<meta name=\"twitter:data1\" content=\"2 minuty\" \/>\n<script type=\"application\/ld+json\" class=\"yoast-schema-graph\">{\"@context\":\"https:\/\/schema.org\",\"@graph\":[{\"@type\":\"WebPage\",\"@id\":\"https:\/\/firepumps.net\/pl\/o-nas\/nm-uniwersytet-pozarniczy\/\",\"url\":\"https:\/\/firepumps.net\/pl\/o-nas\/nm-uniwersytet-pozarniczy\/\",\"name\":\"NM Uniwersytet Pozarniczy | firepumps.net\",\"isPartOf\":{\"@id\":\"https:\/\/firepumps.net\/#website\"},\"datePublished\":\"2021-03-09T20:36:53+00:00\",\"dateModified\":\"2023-01-12T12:31:49+00:00\",\"breadcrumb\":{\"@id\":\"https:\/\/firepumps.net\/pl\/o-nas\/nm-uniwersytet-pozarniczy\/#breadcrumb\"},\"inLanguage\":\"pl-PL\",\"potentialAction\":[{\"@type\":\"ReadAction\",\"target\":[\"https:\/\/firepumps.net\/pl\/o-nas\/nm-uniwersytet-pozarniczy\/\"]}]},{\"@type\":\"BreadcrumbList\",\"@id\":\"https:\/\/firepumps.net\/pl\/o-nas\/nm-uniwersytet-pozarniczy\/#breadcrumb\",\"itemListElement\":[{\"@type\":\"ListItem\",\"position\":1,\"name\":\"Home\",\"item\":\"https:\/\/firepumps.net\/pl\/\"},{\"@type\":\"ListItem\",\"position\":2,\"name\":\"O nas\",\"item\":\"https:\/\/firepumps.net\/pl\/o-nas\/\"},{\"@type\":\"ListItem\",\"position\":3,\"name\":\"NM Uniwersytet Pozarniczy\"}]},{\"@type\":\"WebSite\",\"@id\":\"https:\/\/firepumps.net\/#website\",\"url\":\"https:\/\/firepumps.net\/\",\"name\":\"firepumps.net\",\"description\":\"\",\"publisher\":{\"@id\":\"https:\/\/firepumps.net\/#organization\"},\"potentialAction\":[{\"@type\":\"SearchAction\",\"target\":{\"@type\":\"EntryPoint\",\"urlTemplate\":\"https:\/\/firepumps.net\/?s={search_term_string}\"},\"query-input\":\"required name=search_term_string\"}],\"inLanguage\":\"pl-PL\"},{\"@type\":\"Organization\",\"@id\":\"https:\/\/firepumps.net\/#organization\",\"name\":\"firepumps.net\",\"url\":\"https:\/\/firepumps.net\/\",\"logo\":{\"@type\":\"ImageObject\",\"inLanguage\":\"pl-PL\",\"@id\":\"https:\/\/firepumps.net\/#\/schema\/logo\/image\/\",\"url\":\"https:\/\/firepumps.net\/wp-content\/uploads\/2021\/03\/logo.png\",\"contentUrl\":\"https:\/\/firepumps.net\/wp-content\/uploads\/2021\/03\/logo.png\",\"width\":156,\"height\":60,\"caption\":\"firepumps.net\"},\"image\":{\"@id\":\"https:\/\/firepumps.net\/#\/schema\/logo\/image\/\"}}]}<\/script>\n<!-- \/ Yoast SEO Premium plugin. -->","yoast_head_json":{"title":"NM Uniwersytet Pozarniczy | firepumps.net","robots":{"index":"index","follow":"follow","max-snippet":"max-snippet:-1","max-image-preview":"max-image-preview:large","max-video-preview":"max-video-preview:-1"},"canonical":"https:\/\/firepumps.net\/pl\/o-nas\/nm-uniwersytet-pozarniczy\/","og_locale":"pl_PL","og_type":"article","og_title":"NM Uniwersytet Pozarniczy","og_description":"NM Uniwersytet Po?arniczy NM Fire jest pierwszym cz?onkiem NFPA chi?skich producent?w pomp. Wsp?lnie zbudowa? \u201eCentrum szkoleniowe technologii pomp przeciwpo?arowych\u201d wraz z Krajowym Stowarzyszeniem Ochrony Przeciwpo?arowej i Zagranicznym Urz?dem Certyfikacji w celu dalszego wykorzystania globalnej zaawansowanej technologii pomp przeciwpo?arowych i zmieniaj?cej si? zacofanej sytuacji w dziedzinie pomp przeciwpo?arowych. Obecnie trwa budowa centrum szkoleniowego. NM Fire specjalnie [&hellip;]","og_url":"https:\/\/firepumps.net\/pl\/o-nas\/nm-uniwersytet-pozarniczy\/","og_site_name":"firepumps.net","article_modified_time":"2023-01-12T12:31:49+00:00","og_image":[{"url":"http:\/\/firepumps.net\/wp-content\/uploads\/2021\/03\/1565750224268340-1024x256.jpg"}],"twitter_card":"summary_large_image","twitter_misc":{"Szacowany czas czytania":"2 minuty"},"schema":{"@context":"https:\/\/schema.org","@graph":[{"@type":"WebPage","@id":"https:\/\/firepumps.net\/pl\/o-nas\/nm-uniwersytet-pozarniczy\/","url":"https:\/\/firepumps.net\/pl\/o-nas\/nm-uniwersytet-pozarniczy\/","name":"NM Uniwersytet Pozarniczy | firepumps.net","isPartOf":{"@id":"https:\/\/firepumps.net\/#website"},"datePublished":"2021-03-09T20:36:53+00:00","dateModified":"2023-01-12T12:31:49+00:00","breadcrumb":{"@id":"https:\/\/firepumps.net\/pl\/o-nas\/nm-uniwersytet-pozarniczy\/#breadcrumb"},"inLanguage":"pl-PL","potentialAction":[{"@type":"ReadAction","target":["https:\/\/firepumps.net\/pl\/o-nas\/nm-uniwersytet-pozarniczy\/"]}]},{"@type":"BreadcrumbList","@id":"https:\/\/firepumps.net\/pl\/o-nas\/nm-uniwersytet-pozarniczy\/#breadcrumb","itemListElement":[{"@type":"ListItem","position":1,"name":"Home","item":"https:\/\/firepumps.net\/pl\/"},{"@type":"ListItem","position":2,"name":"O nas","item":"https:\/\/firepumps.net\/pl\/o-nas\/"},{"@type":"ListItem","position":3,"name":"NM Uniwersytet Pozarniczy"}]},{"@type":"WebSite","@id":"https:\/\/firepumps.net\/#website","url":"https:\/\/firepumps.net\/","name":"firepumps.net","description":"","publisher":{"@id":"https:\/\/firepumps.net\/#organization"},"potentialAction":[{"@type":"SearchAction","target":{"@type":"EntryPoint","urlTemplate":"https:\/\/firepumps.net\/?s={search_term_string}"},"query-input":"required name=search_term_string"}],"inLanguage":"pl-PL"},{"@type":"Organization","@id":"https:\/\/firepumps.net\/#organization","name":"firepumps.net","url":"https:\/\/firepumps.net\/","logo":{"@type":"ImageObject","inLanguage":"pl-PL","@id":"https:\/\/firepumps.net\/#\/schema\/logo\/image\/","url":"https:\/\/firepumps.net\/wp-content\/uploads\/2021\/03\/logo.png","contentUrl":"https:\/\/firepumps.net\/wp-content\/uploads\/2021\/03\/logo.png","width":156,"height":60,"caption":"firepumps.net"},"image":{"@id":"https:\/\/firepumps.net\/#\/schema\/logo\/image\/"}}]}},"_links":{"self":[{"href":"https:\/\/firepumps.net\/pl\/wp-json\/wp\/v2\/pages\/757","targetHints":{"allow":["GET"]}}],"collection":[{"href":"https:\/\/firepumps.net\/pl\/wp-json\/wp\/v2\/pages"}],"about":[{"href":"https:\/\/firepumps.net\/pl\/wp-json\/wp\/v2\/types\/page"}],"author":[{"embeddable":true,"href":"https:\/\/firepumps.net\/pl\/wp-json\/wp\/v2\/users\/1"}],"replies":[{"embeddable":true,"href":"https:\/\/firepumps.net\/pl\/wp-json\/wp\/v2\/comments?post=757"}],"version-history":[{"count":0,"href":"https:\/\/firepumps.net\/pl\/wp-json\/wp\/v2\/pages\/757\/revisions"}],"up":[{"embeddable":true,"href":"https:\/\/firepumps.net\/pl\/wp-json\/wp\/v2\/pages\/739"}],"wp:attachment":[{"href":"https:\/\/firepumps.net\/pl\/wp-json\/wp\/v2\/media?parent=757"}],"curies":[{"name":"wp","href":"https:\/\/api.w.org\/{rel}","templated":true}]}}