{"id":761,"date":"2021-03-09T23:39:40","date_gmt":"2021-03-09T20:39:40","guid":{"rendered":"http:\/\/firepumps.net\/kontakt\/"},"modified":"2023-01-12T15:18:31","modified_gmt":"2023-01-12T12:18:31","slug":"kontakt","status":"publish","type":"page","link":"https:\/\/firepumps.net\/pl\/kontakt\/","title":{"rendered":"Kontakt"},"content":{"rendered":"\t\t<div data-elementor-type=\"wp-page\" data-elementor-id=\"761\" class=\"elementor elementor-761 elementor-43\">\n\t\t\t\t\t\t\t\t\t<section class=\"elementor-section elementor-top-section elementor-element elementor-element-2bd71adc elementor-section-stretched elementor-section-boxed elementor-section-height-default elementor-section-height-default\" data-id=\"2bd71adc\" data-element_type=\"section\" data-settings=\"{&quot;stretch_section&quot;:&quot;section-stretched&quot;}\">\n\t\t\t\t\t\t<div class=\"elementor-container elementor-column-gap-default\">\n\t\t\t\t\t<div class=\"elementor-column elementor-col-100 elementor-top-column elementor-element elementor-element-4886f46a\" data-id=\"4886f46a\" data-element_type=\"column\">\n\t\t\t<div class=\"elementor-widget-wrap elementor-element-populated\">\n\t\t\t\t\t\t\t\t<div class=\"elementor-element elementor-element-385b6063 elementor-widget elementor-widget-image\" data-id=\"385b6063\" data-element_type=\"widget\" data-widget_type=\"image.default\">\n\t\t\t\t<div class=\"elementor-widget-container\">\n\t\t\t\t\t\t\t\t\t\t\t\t\t\t\t<img loading=\"lazy\" decoding=\"async\" width=\"1024\" height=\"256\" src=\"https:\/\/firepumps.net\/wp-content\/uploads\/2021\/03\/1565749698444820-1024x256.jpg\" class=\"attachment-large size-large wp-image-283\" alt=\"\" srcset=\"https:\/\/firepumps.net\/wp-content\/uploads\/2021\/03\/1565749698444820-1024x256.jpg 1024w, https:\/\/firepumps.net\/wp-content\/uploads\/2021\/03\/1565749698444820-600x150.jpg 600w, https:\/\/firepumps.net\/wp-content\/uploads\/2021\/03\/1565749698444820-300x75.jpg 300w, https:\/\/firepumps.net\/wp-content\/uploads\/2021\/03\/1565749698444820-768x192.jpg 768w, https:\/\/firepumps.net\/wp-content\/uploads\/2021\/03\/1565749698444820-1536x384.jpg 1536w, https:\/\/firepumps.net\/wp-content\/uploads\/2021\/03\/1565749698444820.jpg 1920w\" sizes=\"auto, (max-width: 1024px) 100vw, 1024px\" \/>\t\t\t\t\t\t\t\t\t\t\t\t\t\t\t<\/div>\n\t\t\t\t<\/div>\n\t\t\t\t\t<\/div>\n\t\t<\/div>\n\t\t\t\t\t\t\t<\/div>\n\t\t<\/section>\n\t\t\t\t<section class=\"elementor-section elementor-top-section elementor-element elementor-element-2a74ed68 elementor-section-stretched elementor-section-boxed elementor-section-height-default elementor-section-height-default\" data-id=\"2a74ed68\" data-element_type=\"section\" data-settings=\"{&quot;stretch_section&quot;:&quot;section-stretched&quot;}\">\n\t\t\t\t\t\t<div class=\"elementor-container elementor-column-gap-default\">\n\t\t\t\t\t<div class=\"elementor-column elementor-col-100 elementor-top-column elementor-element elementor-element-6ddd32bb\" data-id=\"6ddd32bb\" data-element_type=\"column\">\n\t\t\t<div class=\"elementor-widget-wrap elementor-element-populated\">\n\t\t\t\t\t\t\t\t<div class=\"elementor-element elementor-element-2ae7030e elementor-widget-divider--view-line elementor-widget elementor-widget-divider\" data-id=\"2ae7030e\" data-element_type=\"widget\" data-widget_type=\"divider.default\">\n\t\t\t\t<div class=\"elementor-widget-container\">\n\t\t\t\t\t<div class=\"elementor-divider\">\n\t\t\t<span class=\"elementor-divider-separator\">\n\t\t\t\t\t\t<\/span>\n\t\t<\/div>\n\t\t\t\t<\/div>\n\t\t\t\t<\/div>\n\t\t\t\t<div class=\"elementor-element elementor-element-484f7a5a elementor-widget elementor-widget-heading\" data-id=\"484f7a5a\" data-element_type=\"widget\" data-widget_type=\"heading.default\">\n\t\t\t\t<div class=\"elementor-widget-container\">\n\t\t\t<h2 class=\"elementor-heading-title elementor-size-default\">Kontakt<\/h2>\t\t<\/div>\n\t\t\t\t<\/div>\n\t\t\t\t<div class=\"elementor-element elementor-element-8c3e303 elementor-widget elementor-widget-text-editor\" data-id=\"8c3e303\" data-element_type=\"widget\" data-widget_type=\"text-editor.default\">\n\t\t\t\t<div class=\"elementor-widget-container\">\n\t\t\t\t\t\t\t<p style=\"text-align: justify;\">EUROTRINITY SP\u00d3\u0141KA Z OGRANICZON\u0104 ODPOWIEDZIALNO\u015aCI\u0104<\/p>\n<p>Adres siedziby: \u0141ucka 15 \/ 204, 00-842 Warszawa, Polska<\/p>\n<p>MIKITA REKSTS<\/p>\n<p>+48452745845<\/p>\n\t\t\t\t\t\t<\/div>\n\t\t\t\t<\/div>\n\t\t\t\t\t<\/div>\n\t\t<\/div>\n\t\t\t\t\t\t\t<\/div>\n\t\t<\/section>\n\t\t\t\t<section class=\"elementor-section elementor-top-section elementor-element elementor-element-03d9e9d elementor-section-stretched elementor-section-boxed elementor-section-height-default elementor-section-height-default\" data-id=\"03d9e9d\" data-element_type=\"section\" data-settings=\"{&quot;stretch_section&quot;:&quot;section-stretched&quot;}\">\n\t\t\t\t\t\t<div class=\"elementor-container elementor-column-gap-default\">\n\t\t\t\t\t<div class=\"elementor-column elementor-col-100 elementor-top-column elementor-element elementor-element-a6330be\" data-id=\"a6330be\" data-element_type=\"column\">\n\t\t\t<div class=\"elementor-widget-wrap elementor-element-populated\">\n\t\t\t\t\t\t\t\t<div class=\"elementor-element elementor-element-a981d16 elementor-widget elementor-widget-heading\" data-id=\"a981d16\" data-element_type=\"widget\" data-widget_type=\"heading.default\">\n\t\t\t\t<div class=\"elementor-widget-container\">\n\t\t\t<h2 class=\"elementor-heading-title elementor-size-default\">Kontakt<\/h2>\t\t<\/div>\n\t\t\t\t<\/div>\n\t\t\t\t<div class=\"elementor-element elementor-element-94f88d3 elementor-widget elementor-widget-wpforms\" data-id=\"94f88d3\" data-element_type=\"widget\" data-widget_type=\"wpforms.default\">\n\t\t\t\t<div class=\"elementor-widget-container\">\n\t\t\t<div class=\"wpforms-container wpforms-container-full\" id=\"wpforms-805\"><form id=\"wpforms-form-805\" class=\"wpforms-validate wpforms-form\" data-formid=\"805\" method=\"post\" enctype=\"multipart\/form-data\" action=\"\/pl\/wp-json\/wp\/v2\/pages\/761\" data-token=\"e8bde387b485ee4f7ba6989cb9939147\"><noscript class=\"wpforms-error-noscript\">Please enable JavaScript in your browser to complete this form.<\/noscript><div class=\"wpforms-field-container\"><div id=\"wpforms-805-field_3-container\" class=\"wpforms-field wpforms-field-name wpforms-one-half wpforms-first\" data-field-id=\"3\"><label class=\"wpforms-field-label\" for=\"wpforms-805-field_3\">Imi\u0119<\/label><input type=\"text\" id=\"wpforms-805-field_3\" class=\"wpforms-field-large\" name=\"wpforms[fields][3]\" ><\/div><div id=\"wpforms-805-field_5-container\" class=\"wpforms-field wpforms-field-text wpforms-one-half\" data-field-id=\"5\"><label class=\"wpforms-field-label\" for=\"wpforms-805-field_5\">Kraj<\/label><input type=\"text\" id=\"wpforms-805-field_5\" class=\"wpforms-field-large\" name=\"wpforms[fields][5]\" ><\/div><div id=\"wpforms-805-field_6-container\" class=\"wpforms-field wpforms-field-text wpforms-one-half wpforms-first\" data-field-id=\"6\"><label class=\"wpforms-field-label\" for=\"wpforms-805-field_6\">Sp\u00f3\u0142ka<\/label><input type=\"text\" id=\"wpforms-805-field_6\" class=\"wpforms-field-large\" name=\"wpforms[fields][6]\" ><\/div><div id=\"wpforms-805-field_8-container\" class=\"wpforms-field wpforms-field-text wpforms-one-half\" data-field-id=\"8\"><label class=\"wpforms-field-label\" for=\"wpforms-805-field_8\">Tel<\/label><input type=\"text\" id=\"wpforms-805-field_8\" class=\"wpforms-field-large\" name=\"wpforms[fields][8]\" ><\/div><div id=\"wpforms-805-field_1-container\" class=\"wpforms-field wpforms-field-email\" data-field-id=\"1\"><label class=\"wpforms-field-label\" for=\"wpforms-805-field_1\">E-mail <span class=\"wpforms-required-label\">*<\/span><\/label><input type=\"email\" id=\"wpforms-805-field_1\" class=\"wpforms-field-large wpforms-field-required\" name=\"wpforms[fields][1]\" required><\/div><div id=\"wpforms-805-field_2-container\" class=\"wpforms-field wpforms-field-textarea\" data-field-id=\"2\"><label class=\"wpforms-field-label\" for=\"wpforms-805-field_2\">Wiadomo\u015b\u0107 <span class=\"wpforms-required-label\">*<\/span><\/label><textarea id=\"wpforms-805-field_2\" class=\"wpforms-field-medium wpforms-field-required\" name=\"wpforms[fields][2]\" required><\/textarea><\/div><\/div><div class=\"wpforms-submit-container\"><input type=\"hidden\" name=\"wpforms[id]\" value=\"805\"><input type=\"hidden\" name=\"wpforms[author]\" value=\"1\"><button type=\"submit\" name=\"wpforms[submit]\" id=\"wpforms-submit-805\" class=\"wpforms-submit inline-fields\" data-alt-text=\"sumowa\u0107.....\" data-submit-text=\"Sumowa\u0107\" aria-live=\"assertive\" value=\"wpforms-submit\">Sumowa\u0107<\/button><\/div><\/form><\/div>  <!-- .wpforms-container -->\t\t<\/div>\n\t\t\t\t<\/div>\n\t\t\t\t\t<\/div>\n\t\t<\/div>\n\t\t\t\t\t\t\t<\/div>\n\t\t<\/section>\n\t\t\t\t\t\t\t<\/div>\n\t\t","protected":false},"excerpt":{"rendered":"<p>Kontakt EUROTRINITY SP??KA Z OGRANICZON? ODPOWIEDZIALNO?CI? Adres siedziby: ?ucka 15 \/ 204, 00-842 Warszawa, Polska MIKITA REKSTS +48452745845 Kontakt<\/p>\n","protected":false},"author":1,"featured_media":0,"parent":0,"menu_order":0,"comment_status":"closed","ping_status":"closed","template":"","meta":{"footnotes":""},"class_list":["post-761","page","type-page","status-publish","hentry","entry","owp-thumbs-layout-horizontal","owp-btn-normal","owp-tabs-layout-horizontal","has-no-thumbnails","has-product-nav"],"yoast_head":"<!-- This site is optimized with the Yoast SEO Premium plugin v19.7 (Yoast SEO v19.14) - https:\/\/yoast.com\/wordpress\/plugins\/seo\/ -->\n<title>Kontakt | firepumps.net<\/title>\n<meta name=\"robots\" content=\"index, follow, max-snippet:-1, max-image-preview:large, max-video-preview:-1\" \/>\n<link rel=\"canonical\" href=\"https:\/\/firepumps.net\/pl\/kontakt\/\" \/>\n<meta property=\"og:locale\" content=\"pl_PL\" \/>\n<meta property=\"og:type\" content=\"article\" \/>\n<meta property=\"og:title\" content=\"Kontakt\" \/>\n<meta property=\"og:description\" content=\"Kontakt EUROTRINITY SP??KA Z OGRANICZON? ODPOWIEDZIALNO?CI? Adres siedziby: ?ucka 15 \/ 204, 00-842 Warszawa, Polska MIKITA REKSTS +48452745845 Kontakt\" \/>\n<meta property=\"og:url\" content=\"https:\/\/firepumps.net\/pl\/kontakt\/\" \/>\n<meta property=\"og:site_name\" content=\"firepumps.net\" \/>\n<meta property=\"article:modified_time\" content=\"2023-01-12T12:18:31+00:00\" \/>\n<meta property=\"og:image\" content=\"http:\/\/firepumps.net\/wp-content\/uploads\/2021\/03\/1565749698444820-1024x256.jpg\" \/>\n<meta name=\"twitter:card\" content=\"summary_large_image\" \/>\n<meta name=\"twitter:label1\" content=\"Szacowany czas czytania\" \/>\n\t<meta name=\"twitter:data1\" content=\"1 minuta\" \/>\n<script type=\"application\/ld+json\" class=\"yoast-schema-graph\">{\"@context\":\"https:\/\/schema.org\",\"@graph\":[{\"@type\":\"WebPage\",\"@id\":\"https:\/\/firepumps.net\/pl\/kontakt\/\",\"url\":\"https:\/\/firepumps.net\/pl\/kontakt\/\",\"name\":\"Kontakt | firepumps.net\",\"isPartOf\":{\"@id\":\"https:\/\/firepumps.net\/#website\"},\"datePublished\":\"2021-03-09T20:39:40+00:00\",\"dateModified\":\"2023-01-12T12:18:31+00:00\",\"breadcrumb\":{\"@id\":\"https:\/\/firepumps.net\/pl\/kontakt\/#breadcrumb\"},\"inLanguage\":\"pl-PL\",\"potentialAction\":[{\"@type\":\"ReadAction\",\"target\":[\"https:\/\/firepumps.net\/pl\/kontakt\/\"]}]},{\"@type\":\"BreadcrumbList\",\"@id\":\"https:\/\/firepumps.net\/pl\/kontakt\/#breadcrumb\",\"itemListElement\":[{\"@type\":\"ListItem\",\"position\":1,\"name\":\"Home\",\"item\":\"https:\/\/firepumps.net\/pl\/\"},{\"@type\":\"ListItem\",\"position\":2,\"name\":\"Kontakt\"}]},{\"@type\":\"WebSite\",\"@id\":\"https:\/\/firepumps.net\/#website\",\"url\":\"https:\/\/firepumps.net\/\",\"name\":\"firepumps.net\",\"description\":\"\",\"publisher\":{\"@id\":\"https:\/\/firepumps.net\/#organization\"},\"potentialAction\":[{\"@type\":\"SearchAction\",\"target\":{\"@type\":\"EntryPoint\",\"urlTemplate\":\"https:\/\/firepumps.net\/?s={search_term_string}\"},\"query-input\":\"required name=search_term_string\"}],\"inLanguage\":\"pl-PL\"},{\"@type\":\"Organization\",\"@id\":\"https:\/\/firepumps.net\/#organization\",\"name\":\"firepumps.net\",\"url\":\"https:\/\/firepumps.net\/\",\"logo\":{\"@type\":\"ImageObject\",\"inLanguage\":\"pl-PL\",\"@id\":\"https:\/\/firepumps.net\/#\/schema\/logo\/image\/\",\"url\":\"https:\/\/firepumps.net\/wp-content\/uploads\/2021\/03\/logo.png\",\"contentUrl\":\"https:\/\/firepumps.net\/wp-content\/uploads\/2021\/03\/logo.png\",\"width\":156,\"height\":60,\"caption\":\"firepumps.net\"},\"image\":{\"@id\":\"https:\/\/firepumps.net\/#\/schema\/logo\/image\/\"}}]}<\/script>\n<!-- \/ Yoast SEO Premium plugin. -->","yoast_head_json":{"title":"Kontakt | firepumps.net","robots":{"index":"index","follow":"follow","max-snippet":"max-snippet:-1","max-image-preview":"max-image-preview:large","max-video-preview":"max-video-preview:-1"},"canonical":"https:\/\/firepumps.net\/pl\/kontakt\/","og_locale":"pl_PL","og_type":"article","og_title":"Kontakt","og_description":"Kontakt EUROTRINITY SP??KA Z OGRANICZON? ODPOWIEDZIALNO?CI? Adres siedziby: ?ucka 15 \/ 204, 00-842 Warszawa, Polska MIKITA REKSTS +48452745845 Kontakt","og_url":"https:\/\/firepumps.net\/pl\/kontakt\/","og_site_name":"firepumps.net","article_modified_time":"2023-01-12T12:18:31+00:00","og_image":[{"url":"http:\/\/firepumps.net\/wp-content\/uploads\/2021\/03\/1565749698444820-1024x256.jpg"}],"twitter_card":"summary_large_image","twitter_misc":{"Szacowany czas czytania":"1 minuta"},"schema":{"@context":"https:\/\/schema.org","@graph":[{"@type":"WebPage","@id":"https:\/\/firepumps.net\/pl\/kontakt\/","url":"https:\/\/firepumps.net\/pl\/kontakt\/","name":"Kontakt | firepumps.net","isPartOf":{"@id":"https:\/\/firepumps.net\/#website"},"datePublished":"2021-03-09T20:39:40+00:00","dateModified":"2023-01-12T12:18:31+00:00","breadcrumb":{"@id":"https:\/\/firepumps.net\/pl\/kontakt\/#breadcrumb"},"inLanguage":"pl-PL","potentialAction":[{"@type":"ReadAction","target":["https:\/\/firepumps.net\/pl\/kontakt\/"]}]},{"@type":"BreadcrumbList","@id":"https:\/\/firepumps.net\/pl\/kontakt\/#breadcrumb","itemListElement":[{"@type":"ListItem","position":1,"name":"Home","item":"https:\/\/firepumps.net\/pl\/"},{"@type":"ListItem","position":2,"name":"Kontakt"}]},{"@type":"WebSite","@id":"https:\/\/firepumps.net\/#website","url":"https:\/\/firepumps.net\/","name":"firepumps.net","description":"","publisher":{"@id":"https:\/\/firepumps.net\/#organization"},"potentialAction":[{"@type":"SearchAction","target":{"@type":"EntryPoint","urlTemplate":"https:\/\/firepumps.net\/?s={search_term_string}"},"query-input":"required name=search_term_string"}],"inLanguage":"pl-PL"},{"@type":"Organization","@id":"https:\/\/firepumps.net\/#organization","name":"firepumps.net","url":"https:\/\/firepumps.net\/","logo":{"@type":"ImageObject","inLanguage":"pl-PL","@id":"https:\/\/firepumps.net\/#\/schema\/logo\/image\/","url":"https:\/\/firepumps.net\/wp-content\/uploads\/2021\/03\/logo.png","contentUrl":"https:\/\/firepumps.net\/wp-content\/uploads\/2021\/03\/logo.png","width":156,"height":60,"caption":"firepumps.net"},"image":{"@id":"https:\/\/firepumps.net\/#\/schema\/logo\/image\/"}}]}},"_links":{"self":[{"href":"https:\/\/firepumps.net\/pl\/wp-json\/wp\/v2\/pages\/761","targetHints":{"allow":["GET"]}}],"collection":[{"href":"https:\/\/firepumps.net\/pl\/wp-json\/wp\/v2\/pages"}],"about":[{"href":"https:\/\/firepumps.net\/pl\/wp-json\/wp\/v2\/types\/page"}],"author":[{"embeddable":true,"href":"https:\/\/firepumps.net\/pl\/wp-json\/wp\/v2\/users\/1"}],"replies":[{"embeddable":true,"href":"https:\/\/firepumps.net\/pl\/wp-json\/wp\/v2\/comments?post=761"}],"version-history":[{"count":0,"href":"https:\/\/firepumps.net\/pl\/wp-json\/wp\/v2\/pages\/761\/revisions"}],"wp:attachment":[{"href":"https:\/\/firepumps.net\/pl\/wp-json\/wp\/v2\/media?parent=761"}],"curies":[{"name":"wp","href":"https:\/\/api.w.org\/{rel}","templated":true}]}}